{"id":6,"date":"2017-05-24T16:05:46","date_gmt":"2017-05-24T16:05:46","guid":{"rendered":"http:\/\/localhost\/aguaswp\/?page_id=6"},"modified":"2023-06-26T10:03:40","modified_gmt":"2023-06-26T13:03:40","slug":"quienes-somos","status":"publish","type":"page","link":"https:\/\/desa.aguassantafesinas.com.ar\/portal\/quienes-somos\/","title":{"rendered":"Qui\u00e9nes somos"},"content":{"rendered":"<p>Aguas Santafesinas es una empresa estatal que se constituy\u00f3 como sociedad an\u00f3nima el 8 de febrero de 2006 con el objetivo de <strong>proveer agua potable y desag\u00fces cloacales en quince ciudades de la Provincia de Santa Fe<\/strong>: Rosario, Santa Fe, Rafaela, Villa Gobernador G\u00e1lvez, San Lorenzo, Rufino, Ca\u00f1ada de G\u00f3mez, Firmat, Casilda, Funes, Capit\u00e1n Berm\u00fadez, Granadero Baigorria, G\u00e1lvez, Esperanza y Reconquista.<\/p>\n<p>Adem\u00e1s de las 15 ciudades de su \u00e1rea de servicio, ASSA es proveedor mayorista de agua potable para cooperativas y municipios a trav\u00e9s&nbsp; del Sistema de Grandes Acueductos de la provincia.<\/p>\n<p><b>Acueducto del Norte&nbsp; <\/b>(10.000 vecinos abastecidos)<\/p>\n<p><b>&#8211;<\/b> Villa Ana<\/p>\n<p>-Los Amores<\/p>\n<p>-Ca\u00f1ada Omb\u00fa<\/p>\n<p>-Intiyaco<\/p>\n<p>-Colmena<\/p>\n<p>-Garabato<\/p>\n<p>-Los T\u00e1banos<\/p>\n<p>-Golondrina<\/p>\n<p>-Pozo de los Indios<\/p>\n<p><b>Acueducto Reconquista&nbsp;<\/b><\/p>\n<p>-Reconquista<\/p>\n<p>-Avellaneda<\/p>\n<p><b>Acueducto de La Costa<\/b><\/p>\n<p>-San Jos\u00e9 del Rinc\u00f3n<\/p>\n<p><b>&nbsp;Acueducto&nbsp;Norte 1&nbsp;<\/b> (&nbsp;50.000 vecinos abastecidos, actualmente en ampliaci\u00f3n&nbsp;para abastecer a la ciudad de Rafaela)<\/p>\n<p>-Desv\u00edo Arij\u00f3n<\/p>\n<p>-Sauce Viejo<\/p>\n<p>-Santo Tom\u00e9<\/p>\n<p><b>Acueducto Centro Oeste<\/b>&nbsp;&nbsp;(60.000 vecinos abastecidos)<\/p>\n<p>-Monje<\/p>\n<p>-D\u00edaz<\/p>\n<p>-San Genaro<\/p>\n<p>-Clason<\/p>\n<p>-Centeno<\/p>\n<p>-Totoras<\/p>\n<p>-Las Rosas<\/p>\n<p>-Las Parejas<\/p>\n<p>-Los Cardos<\/p>\n<p>-Bouquet<\/p>\n<p>-Montes de Oca<\/p>\n<p>-Mar\u00eda Susana<\/p>\n<p>La empresa se rige por la Ley de Sociedades Comerciales cuyo <strong>mayor accionista es el Estado de la Provincia de Santa Fe<\/strong> con el 51% del capital social, luego le siguen los Municipios que forman parte de la concesi\u00f3n con el 39%, y el 10% restante corresponden a los empleados de la sociedad a trav\u00e9s del Programa de Propiedad Participada.<\/p>\n","protected":false},"excerpt":{"rendered":"<p>Aguas Santafesinas es una empresa estatal que se constituy\u00f3 como sociedad an\u00f3nima el 8 de febrero de 2006 con el [&hellip;]<\/p>\n","protected":false},"author":1,"featured_media":1330,"parent":0,"menu_order":0,"comment_status":"closed","ping_status":"closed","template":"","meta":[],"_links":{"self":[{"href":"https:\/\/desa.aguassantafesinas.com.ar\/portal\/wp-json\/wp\/v2\/pages\/6"}],"collection":[{"href":"https:\/\/desa.aguassantafesinas.com.ar\/portal\/wp-json\/wp\/v2\/pages"}],"about":[{"href":"https:\/\/desa.aguassantafesinas.com.ar\/portal\/wp-json\/wp\/v2\/types\/page"}],"author":[{"embeddable":true,"href":"https:\/\/desa.aguassantafesinas.com.ar\/portal\/wp-json\/wp\/v2\/users\/1"}],"replies":[{"embeddable":true,"href":"https:\/\/desa.aguassantafesinas.com.ar\/portal\/wp-json\/wp\/v2\/comments?post=6"}],"version-history":[{"count":51,"href":"https:\/\/desa.aguassantafesinas.com.ar\/portal\/wp-json\/wp\/v2\/pages\/6\/revisions"}],"predecessor-version":[{"id":279365,"href":"https:\/\/desa.aguassantafesinas.com.ar\/portal\/wp-json\/wp\/v2\/pages\/6\/revisions\/279365"}],"wp:featuredmedia":[{"embeddable":true,"href":"https:\/\/desa.aguassantafesinas.com.ar\/portal\/wp-json\/wp\/v2\/media\/1330"}],"wp:attachment":[{"href":"https:\/\/desa.aguassantafesinas.com.ar\/portal\/wp-json\/wp\/v2\/media?parent=6"}],"curies":[{"name":"wp","href":"https:\/\/api.w.org\/{rel}","templated":true}]}}