{"id":653,"date":"2017-07-31T13:59:24","date_gmt":"2017-07-31T13:59:24","guid":{"rendered":"http:\/\/192.168.17.97\/aguaswp\/?page_id=653"},"modified":"2017-08-18T12:53:00","modified_gmt":"2017-08-18T12:53:00","slug":"terminos-y-condiciones","status":"publish","type":"page","link":"https:\/\/desa.aguassantafesinas.com.ar\/portal\/terminos-y-condiciones\/","title":{"rendered":"T\u00e9rminos y Condiciones"},"content":{"rendered":"<p>Los T\u00e9rminos y Condiciones as\u00ed como las Informaciones sobre el Servicio se considerar\u00e1n de aplicaci\u00f3n para todo visitante del Sitio, incluidos los usuarios del Servicio, desde el primer momento en que accedan a nuestra homepage ubicada en\u00a0<a href=\"http:\/\/www.aguassantafesinas.com.ar\/\">http:\/\/www.aguassantafesinas.com.ar<\/a>\u00a0(la \u201cHomepage\u201d). Si el Usuario no acepta en forma total los presentes T\u00e9rminos y Condiciones,\u00a0 le rogamos que no avance en el acceso y visita de nuestro Sitio.\u00a0 En caso de\u00a0 avanzar\u00a0 en la visita a nuestro Sitio, se entender\u00e1 que el Usuario acept\u00f3 los presentes T\u00e9rminos y condiciones.<\/p>\n<p>Los T\u00e9rminos y Condiciones podr\u00e1n ser modificados en todo o en parte \u00fanicamente por el Titular del Servicio, y dichos cambios e implementaciones tendr\u00e1n vigencia a partir del momento mismo en que sean publicados o insertados en el Sitio o desde que sean notificados al Usuario por cualquier medio, lo que ocurra primero.\u00a0 Por lo expuesto, le sugerimos que los visite peri\u00f3dicamente.<\/p>\n<p>El Servicio es provisto por Aguas Santafesinas S.A. (denominado en adelante \u201cel Titular del Servicio\u201d), y que se brindar\u00e1 \u00fanicamente a aquellos usuarios que consientan en adherir a todos los t\u00e9rminos y condiciones establecidos en los T\u00e9rminos y Condiciones, abajo publicadas.<\/p>\n<p>El Servicio es un servicio de informaci\u00f3n on-line a trav\u00e9s del cual se realizan requerimientos t\u00e9cnicos y comerciales y se consulta distinto tipo de informaci\u00f3n de su cuenta como Usuario de Aguas Santafesinas S.A.<\/p>\n<p>&nbsp;<\/p>\n<h4><strong>Pol\u00edticas de uso del servicio<\/strong><\/h4>\n<p>El Usuario acepta cumplir con todo lo establecido en las Pol\u00edticas de Uso del Servicio y las modificaciones que el Titular del Servicio realice sobre las mismas, las que ser\u00e1n consideradas reglas que regular\u00e1n la actividad del usuario con relaci\u00f3n al Servicio. El Titular del Servicio se reserva el derecho de eliminar o modificar cualquier informaci\u00f3n, comunicaci\u00f3n, material de download, o mensaje que el Titular del Servicio en su opini\u00f3n crea que viola las Pol\u00edticas de Uso.<\/p>\n<p>&nbsp;<\/p>\n<h4><strong>Renuncias<\/strong><\/h4>\n<p>La inactividad por parte del Titular del Servicio en el estricto cumplimiento de cualquier cl\u00e1usula de estos T\u00e9rminos y Condiciones no podr\u00e1 interpretarse como renuncia a cualquier tipo de derechos o acciones del Titular del Servicio.<\/p>\n<p>&nbsp;<\/p>\n<h4><strong>Integraci\u00f3n<\/strong><\/h4>\n<p>En caso de que cualquier parte de los presentes T\u00e9rminos y Condiciones sea declarada inv\u00e1lida por cualquier autoridad, el resto de sus partes mantendr\u00e1n plena validez y vigencia.<\/p>\n<p>En todos los casos que ello sea posible, el Titular del Servicio se reserva el derecho de integrar e interpretar las partes no declaradas inv\u00e1lidas por dicha autoridad.<\/p>\n<p>&nbsp;<\/p>\n<h4><strong>Pol\u00edticas\u00a0 de privacidad online<\/strong><\/h4>\n<p>Esta Pol\u00edtica de Privacidad est\u00e1 destinada a informar a Ud., en cuanto visitante y\/o usuario de nuestros Sitios, sobre la manera en que tratamos su Informaci\u00f3n Personal (tal como \u00e9sta se define m\u00e1s adelante), y sobre las diversas alternativas que Ud. posee con respecto al uso de su Informaci\u00f3n Personal. Peri\u00f3dicamente, podremos modificar la presente pol\u00edtica a efectos de incluir el tratamiento de nuevos temas y a efectos de reflejar cambios en nuestros Sitios, las tecnolog\u00edas empleadas por nosotros que puedan incidir en el tratamiento de su informaci\u00f3n, o sobre nuestra actitud respecto del uso de la informaci\u00f3n recopilada. Oportunamente, podremos agregar a la presente pol\u00edtica dichos cambios a medida que estos ocurran, de tal manera que Ud. pueda acceder en todo momento a conocer acerca de la informaci\u00f3n que recopilamos, el uso de dicha informaci\u00f3n y las eventuales posibilidades de revelarla o cederla a terceros, en su caso.<\/p>\n<p>Si Ud. Tuviese alguna pregunta o requerimientos que formular con respecto a nuestra Pol\u00edtica de Privacidad, por favor no dude en escribirnos a:\u00a0<a href=\"mailto:webmaster@aguasdesantafe.com.ar\">webmaster@aguasdesantafe.com.ar<\/a>.<\/p>\n<p>&nbsp;<\/p>\n<h4><strong>Aplicaci\u00f3n de la pol\u00edtica de privacidad<\/strong><\/h4>\n<p>Esta pol\u00edtica resulta de aplicaci\u00f3n al sitio y servicios que sean de propiedad y\/o que sean operados por Aguas Santafesinas S.A. Esta pol\u00edtica no ser\u00e1 de aplicaci\u00f3n en caso que Ud. acceda a sitios distintos de Aguas,\u00a0 incluso cuando dichos sitios est\u00e9n vinculados a los sitios de aguas.<\/p>\n<p>&nbsp;<\/p>\n<h4><strong>Informaci\u00f3n Personal<\/strong><\/h4>\n<p>La informaci\u00f3n de individualizaci\u00f3n personal suya en su car\u00e1cter de usuario individual, entendi\u00e9ndose por tal su nombre completo, su direcci\u00f3n, su n\u00famero de tel\u00e9fono, su direcci\u00f3n de e-mail y todo otro dato necesarios para individualizarlo a Ud. como Usuario y posibilitar la prestaci\u00f3n de los servicios descriptos en los presentes T\u00e9rminos y Condiciones, (en adelante la \u201cInformaci\u00f3n Personal\u201d) no podr\u00e1 ser recopilada por nosotros sin haber recibido previamente su consentimiento. En nuestros Sitios, le podr\u00e1 ser requerida Informaci\u00f3n Personal a los fines de facilitar a Ud. el uso de, o su participaci\u00f3n en, nuestros concursos, juegos, requerimientos, consultas, etc.,\u00a0 solicitudes efectuadas por Ud. y\/o en relaci\u00f3n a cualesquiera otras actividades, servicios o recursos que podamos suministrar en nuestro Sitio.<\/p>\n<p>En todos estos casos, s\u00f3lo podremos recopilar y almacenar su Informaci\u00f3n Personal en caso que Ud. nos la suministre voluntariamente.<\/p>\n<p>En caso que Ud. nos provea su Informaci\u00f3n Personal, Ud. acepta que dicha Informaci\u00f3n Personal podr\u00e1 ser utilizada para realizar las actividades mencionadas en el p\u00e1rrafo precedente. Asimismo, en el caso en que Ud. se diera a conocer a nosotros envi\u00e1ndonos un e-mail, nosotros podremos solicitar, o utilizar de estar disponible, su Informaci\u00f3n Personal, a los fines de responder a su e-mail, y en su caso a lo solicitado en el mismo, en forma m\u00e1s detallada. Ud. acepta que tambi\u00e9n podremos archivar su Informaci\u00f3n Personal y\/o cualquier otro dato para referencias futuras, o bien descartar esa informaci\u00f3n en forma parcial o total luego de haberla utilizado. Una vez que Ud. nos env\u00ede su Informaci\u00f3n Personal, Ud. Consiente expresamente a que tambi\u00e9n podamos utilizar Informaci\u00f3n Personal para marketing interno y externo, as\u00ed como para fines promocionales. Finalmente, Ud. presta conformidad para que su Informaci\u00f3n Personal sea compartida con terceros vinculados con el Titular del Servicio a trav\u00e9s de una relaci\u00f3n contractual siempre y cuando dicha informaci\u00f3n sea revelada de conformidad con las normativa de al Rep\u00fablica Argentina aplicable a la protecci\u00f3n de datos, a la que el titular del servicio ha adherido expresamente.<\/p>\n<p>&nbsp;<\/p>\n<h4><strong>Env\u00edos de mensajes<\/strong><\/h4>\n<p>A efectos de brindarle un mejor servicio, en el futuro le podr\u00e1n ser enviados por parte nuestra, mensajes destinados a confirmar su inscripci\u00f3n y\/o sobre el estado de su cuenta, y\/o bien para notificarlo respecto a los cambios de los t\u00e9rminos y condiciones del Sitio de Aguas\u00a0 o de esta Pol\u00edtica de Privacidad.<\/p>\n<p>&nbsp;<\/p>\n<h4><strong>Pol\u00edtica de Privacidad<\/strong><\/h4>\n<p>Ocasionalmente, incluso, podr\u00edan serle enviados por parte nuestra e-mails a efectos de presentar un producto o servicio que consideramos podr\u00eda ser de inter\u00e9s para los usuarios de nuestro Sitio. A fin de obtener su permiso para enviarle esta informaci\u00f3n, le daremos la oportunidad en forma anticipada de consentir dicho env\u00edo al utilizar la opci\u00f3n \u201cenviarme\u201d, al momento de requerirle Informaci\u00f3n Personal. Si Ud. opta por la opci\u00f3n \u201cenviarme\u201d en ese momento, siempre podr\u00e1 optar por la opci\u00f3n \u201cno enviarme\u201d en cualquier momento, incluso luego de habernos suministrado Informaci\u00f3n Personal, siguiendo el procedimiento establecido al final de esta Pol\u00edtica de Privacidad. En ciertas circunstancias, y debido a la particularidad de algunas tecnolog\u00edas utilizadas en nuestros Sitios y\/o bien a las caracter\u00edsticas del servicio a brindarse, si Ud. no optara por \u201cenviarme\u201d inicialmente, o si posteriormente Ud. hiciera uso de la opci\u00f3n \u201cno enviarme\u201d, Ud. podr\u00eda no acceder a la obtenci\u00f3n de ciertos beneficios para los cuales se requiere un nombre, una direcci\u00f3n de e-mail, un n\u00famero de tel\u00e9fono u otros datos incluidos entre la Informaci\u00f3n Personal.<\/p>\n<p>&nbsp;<\/p>\n<h4><strong>Excepciones a nuestra reserva de la Informaci\u00f3n Personal y otras informaciones<\/strong><\/h4>\n<p>En cumplimiento de nuestras obligaciones legales, su Informaci\u00f3n Personal y\/o cualquier otro tipo de informaci\u00f3n espec\u00edfica sobre Ud. a la que podamos acceder, en forma intencional o casual, y\/o sobre su cuenta, podr\u00e1 ser revelada a terceros a efectos de cumplir con procedimientos legales tal como una orden de allanamiento, una citaci\u00f3n judicial, una orden judicial, o bien a requerimientos de autoridades administrativas que puedan ser considerados v\u00e1lidos bajo las leyes aplicables. Asimismo, para nuestra protecci\u00f3n, la suya y las de otros usuarios del Sitio, tambi\u00e9n podr\u00e1 ser revelada su Informaci\u00f3n Personal en aquellos casos que impliquen la existencia de un intento de ruptura de la seguridad del Sitio, o de peligro f\u00edsico o amenaza en contra suyo, nuestro o de terceros.<\/p>\n<p>Finalmente, le rogamos que tome en cuenta que en aquellos casos en que Ud. suministra o difunde su Informaci\u00f3n Personal, o cualquier otra informaci\u00f3n referente a su persona, en comunicaciones on-line, como por ejemplo a trav\u00e9s de los Boletines de Mensajes o posibles foros o\u00a0 salas de chateo, dicha informaci\u00f3n eventualmente podr\u00e1 ser recopilada y utilizada por terceros, con o sin su consentimiento. Aunque pongamos nuestros mayores esfuerzos en proteger su privacidad, no podemos garantizar la seguridad de la informaci\u00f3n que Ud. difunda o suministre a trav\u00e9s de dichas formas de comunicaciones on-line, y por lo mismo, Ud. revela esa informaci\u00f3n bajo su responsabilidad.<\/p>\n<p>&nbsp;<\/p>\n<h4><strong>Vinculos con otros sitios<\/strong><\/h4>\n<p>Ud. podr\u00e1 encontrar diversos tipos de\u00a0 contenidos que se vinculan con sitios y\/o servicios de nuestros socios, proveedores, anunciantes, patrocinadores, licenciantes y dem\u00e1s terceros. En muchos casos, los v\u00ednculos representan proyectos cooperativos o son v\u00ednculos mutuos establecidos con personas o entidades conectadas con nuestros sitios. A pesar de que inicialmente hemos visitado los sitios y servicios que as\u00ed vinculados, nos ser\u00eda imposible controlar los contenidos o v\u00ednculos que aparecen en esos sitios, en cuanto dichos sitios o servicios, incluyendo sus v\u00ednculos y contenidos, pueden estar en cambio permanente, y pueden tener su propia pol\u00edtica de privacidad, o no tener ninguna. Aconsejamos a Ud. a revisar la pol\u00edtica de privacidad de cualquier sitio de terceros o servicios antes de suministrarles cualquier tipo de informaci\u00f3n suya, y especialmente, su Informaci\u00f3n personal.<\/p>\n<p>&nbsp;<\/p>\n<h4><strong>Opci\u00f3n No enviarme<\/strong><\/h4>\n<p>Si Ud. utilizara la opci\u00f3n \u201cenviarme\u201d para recibir informaci\u00f3n sobre Aguas, puede cambiar de opini\u00f3n m\u00e1s adelante. Si en cualquier momento Ud. quisiera dejar de recibir esa informaci\u00f3n, nos lo puede hacer saber mand\u00e1ndonos un e-mail especificando su preferencia desde \u201cCont\u00e1ctenos\u201d; o bien, actualizando el valor de la opci\u00f3n \u201cenviarme\u201d, haciendo clic sobre el nombre de su usuario, el cual aparece siempre en la parte superior derecha de la p\u00e1gina, una vez que usted se ha identificado como usuario en el sitio.<\/p>\n<p>&nbsp;<\/p>\n<h4><strong>Marcas registradas y derechos de autor<\/strong><\/h4>\n<p>Los derechos de autor sobre las p\u00e1ginas, pantallas, informaci\u00f3n, y todo aquel material utilizado para su preparaci\u00f3n, incluido en este Sitio de la empresa Aguas Santafesinas S.A., son propiedad de Aguas Santafesinas S.A.. Se puede imprimir, copiar, descargar o almacenar en forma temporaria fragmentos de nuestro Sitio para su informaci\u00f3n personal o cuando use alg\u00fan producto y servicio del sitio de Aguas Santafesinas S.A.. No podr\u00e1 alterar ni modificar ning\u00fan material que imprima o descargue de este Sitio, incluyendo, sin limitaci\u00f3n alguna, la supresi\u00f3n de marcas identificatorias o leyendas en dicho material. No podr\u00e1 distribuir este material a terceros. Se prohibe cualquier otro uso a menos que se solicite y obtenga nuestro consentimiento escrito previo. En especial, nadie puede utilizar una parte de nuestro Sitio en ninguna otra p\u00e1gina, o vincular cualquier otro sitio con nuestro Sitio, sin nuestra autorizaci\u00f3n escrita previa.<br \/>\nNo se puede duplicar, distribuir, publicar, transferir, transmitir, copiar, alterar, vender, usar para generar trabajos derivados ni incurrir en el mal uso de los contenidos de terceros proveedores disponibles en el Sitio de Aguas Santafesinas S.A.<\/p>\n<p>&nbsp;<\/p>\n<h4><strong>Informaci\u00f3n\u00a0 estimada<\/strong><\/h4>\n<p>El Sitio Web puede contener ciertas declaraciones que no sean hechos hist\u00f3ricos y que puedan constituir estimaciones incluyendo, sin limitaci\u00f3n, declaraciones que son predicciones sobre eventos futuros, tendencias, planes y objetivos.<br \/>\nTales declaraciones se basan sobre los puntos de vista e hip\u00f3tesis gerenciales y est\u00e1n sujetas a considerables riesgos e incertidumbres que podr\u00edan ser la causa de que los resultados reales difieran materialmente de los expresados en las declaraciones a futuro.<br \/>\nLas estimaciones se presentan solamente sobre la fecha en que fueron hechas y Aguas Santafesinas S.A. no se impone ninguna obligaci\u00f3n de poner al d\u00eda o de revisar cada una de ellas, como resultado de una nueva informaci\u00f3n, acontecimientos futuros o alguna otra.<\/p>\n<p>&nbsp;<\/p>\n<h4><strong>Aceptaci\u00f3n de estos t\u00e9rminos<\/strong><\/h4>\n<p>Al utilizar el sitio de Aguas, Ud. est\u00e1 manifestando su aceptaci\u00f3n de nuestra Pol\u00edtica de Privacidad. Si Ud. no comparte esta pol\u00edtica, por favor no utilice nuestro sitio. En el caso en que se realicen cambios sobre \u00e9sta Pol\u00edtica, si Ud. continua haciendo uso luego de la Implementaci\u00f3n de cualquier cambio en la presente pol\u00edtica, se entender\u00e1 que Ud. ha aceptado esos cambios.<\/p>\n<p>&nbsp;<\/p>\n<h4><strong>Jurisdicci\u00f3n competente y ley aplicable<\/strong><\/h4>\n<p>Cualquier interpretaci\u00f3n y\/o conflicto relacionado con todo o parte de las presentes Pol\u00edticas de Privacidad, o bien sobre el cumplimiento de las mismas por parte de Aguas, deber\u00e1n ser dirimidos por los Tribunales competentes de la Ciudad de Rosario, renunciando el usuario o visitante del Sitio a cualquier otra jurisdicci\u00f3n que pueda resultar competente. Asimismo, a los efectos arriba enunciados ser\u00e1n de exclusiva aplicaci\u00f3n las leyes de la Rep\u00fablica Argentina, con exclusi\u00f3n de cualquier norma de su sistema de derecho internacional y\/o cualquier otra norma que remita a la aplicaci\u00f3n de cualquier ley extranjera, renunciando el usuario o visitante del Sitio renuncia expresamente como condici\u00f3n excluyente del acceso a los Sitio<\/p>\n<p><em>\u00daltima actualizaci\u00f3n: 08\/2017\u00a0<\/em><\/p>\n","protected":false},"excerpt":{"rendered":"<p>Los T\u00e9rminos y Condiciones as\u00ed como las Informaciones sobre el Servicio se considerar\u00e1n de aplicaci\u00f3n para todo visitante del Sitio, [&hellip;]<\/p>\n","protected":false},"author":2,"featured_media":758,"parent":0,"menu_order":0,"comment_status":"closed","ping_status":"closed","template":"","meta":[],"_links":{"self":[{"href":"https:\/\/desa.aguassantafesinas.com.ar\/portal\/wp-json\/wp\/v2\/pages\/653"}],"collection":[{"href":"https:\/\/desa.aguassantafesinas.com.ar\/portal\/wp-json\/wp\/v2\/pages"}],"about":[{"href":"https:\/\/desa.aguassantafesinas.com.ar\/portal\/wp-json\/wp\/v2\/types\/page"}],"author":[{"embeddable":true,"href":"https:\/\/desa.aguassantafesinas.com.ar\/portal\/wp-json\/wp\/v2\/users\/2"}],"replies":[{"embeddable":true,"href":"https:\/\/desa.aguassantafesinas.com.ar\/portal\/wp-json\/wp\/v2\/comments?post=653"}],"version-history":[{"count":2,"href":"https:\/\/desa.aguassantafesinas.com.ar\/portal\/wp-json\/wp\/v2\/pages\/653\/revisions"}],"predecessor-version":[{"id":1326,"href":"https:\/\/desa.aguassantafesinas.com.ar\/portal\/wp-json\/wp\/v2\/pages\/653\/revisions\/1326"}],"wp:featuredmedia":[{"embeddable":true,"href":"https:\/\/desa.aguassantafesinas.com.ar\/portal\/wp-json\/wp\/v2\/media\/758"}],"wp:attachment":[{"href":"https:\/\/desa.aguassantafesinas.com.ar\/portal\/wp-json\/wp\/v2\/media?parent=653"}],"curies":[{"name":"wp","href":"https:\/\/api.w.org\/{rel}","templated":true}]}}